{"id":60,"date":"2023-11-20T03:37:34","date_gmt":"2023-11-20T03:37:34","guid":{"rendered":"https:\/\/statisticalecology.org\/?page_id=60"},"modified":"2026-02-16T16:52:41","modified_gmt":"2026-02-16T16:52:41","slug":"welcome","status":"publish","type":"page","link":"https:\/\/statisticalecology.org\/?page_id=60","title":{"rendered":"Organisers"},"content":{"rendered":"\n<h2 class=\"wp-block-heading\">Local Organising Committee<\/h2>\n\n\n\n<p><strong>Mar\u00eda del Carmen Mandujano<\/strong> (Universidad Nacional Aut\u00f3noma de M\u00e9xico)<br><strong>Alan Riva Palacio Cohen<\/strong> (Universidad Nacional Aut\u00f3noma de M\u00e9xico)<br><strong>Miriam Ferrer Ortega<\/strong> (Universidad Aut\u00f3noma de Yucat\u00e1n)<br><strong>Rams\u00e9s Mena<\/strong> (Universidad Nacional Aut\u00f3noma de M\u00e9xico)<br><strong>Ana Escalante<\/strong> (Universidad Nacional Aut\u00f3noma de M\u00e9xico)<br><strong>Vianey Leos Barajas<\/strong> (University of Toronto)<br><strong>Juan Morales<\/strong> (University of Glasgow)<\/p>\n\n\n\n<h2 class=\"wp-block-heading\">Scientific Committee<\/h2>\n\n\n\n<p><strong>Juan Morales, Chair <\/strong>(University of Glasgow)<br><strong>Leticia Ram\u00edrez<\/strong> (Universidad de Guanajuato)<br><strong>Radu Craiu<\/strong> (University of Toronto)<br><strong>Claudia Sol\u00eds Lemus<\/strong> (University of Wisconsin)<br><strong>Luca Borger<\/strong> (Swansea University)<br><strong>Eleni Matechou<\/strong> (University of Kent)<br><strong>Th\u00e9o Michelot<\/strong> (Dalhousie University)<br><strong>Teresa Mor\u00e1n L\u00f3pez<\/strong> (Universidad de Oviedo-IMIB)\u00a0<br><strong>Marco Rodr\u00edguez<\/strong> (Universit\u00e9 de Qu\u00e9bec)<br><strong>Gon\u00e7alo Ferraz<\/strong> (Universidade Federal do Rio Grande do Sul)<br><strong>Jonathan Potts<\/strong> (University of Sheffield)<br><strong>Vanessa Cave<\/strong><br><strong>Yan Wang<\/strong> (Royal Melbourne Institute of Technology)<br><strong>David Warton<\/strong> (The University of New South Wales)<br><strong>Franny Buderman<\/strong> (Penn State University)<br><strong>Tiago Marques<\/strong> (University of St Andrew)<br><strong>Chris Sutherland<\/strong> (University of St Andrews)<br><strong>Vianey Leos Barajas<\/strong> (University of Toronto)<br><\/p>\n","protected":false},"excerpt":{"rendered":"<p>Local Organising Committee Mar\u00eda del Carmen Mandujano (Universidad Nacional Aut\u00f3noma de M\u00e9xico)Alan Riva Palacio Cohen (Universidad Nacional Aut\u00f3noma de M\u00e9xico)Miriam Ferrer Ortega (Universidad Aut\u00f3noma de Yucat\u00e1n)Rams\u00e9s Mena (Universidad Nacional Aut\u00f3noma de M\u00e9xico)Ana Escalante (Universidad Nacional Aut\u00f3noma de M\u00e9xico)Vianey Leos Barajas (University of Toronto)Juan Morales (University of Glasgow) Scientific Committee Juan Morales, Chair (University of Glasgow)Leticia [&hellip;]<\/p>\n","protected":false},"author":1,"featured_media":0,"parent":0,"menu_order":0,"comment_status":"closed","ping_status":"closed","template":"","meta":{"saved_in_kubio":true,"_eb_attr":"","_monsterinsights_skip_tracking":false,"_monsterinsights_sitenote_active":false,"_monsterinsights_sitenote_note":"","_monsterinsights_sitenote_category":0,"footnotes":""},"class_list":["post-60","page","type-page","status-publish","hentry"],"aioseo_notices":[],"kubio_ai_page_context":{"short_desc":"","purpose":"general"},"_links":{"self":[{"href":"https:\/\/statisticalecology.org\/index.php?rest_route=\/wp\/v2\/pages\/60","targetHints":{"allow":["GET"]}}],"collection":[{"href":"https:\/\/statisticalecology.org\/index.php?rest_route=\/wp\/v2\/pages"}],"about":[{"href":"https:\/\/statisticalecology.org\/index.php?rest_route=\/wp\/v2\/types\/page"}],"author":[{"embeddable":true,"href":"https:\/\/statisticalecology.org\/index.php?rest_route=\/wp\/v2\/users\/1"}],"replies":[{"embeddable":true,"href":"https:\/\/statisticalecology.org\/index.php?rest_route=%2Fwp%2Fv2%2Fcomments&post=60"}],"version-history":[{"count":11,"href":"https:\/\/statisticalecology.org\/index.php?rest_route=\/wp\/v2\/pages\/60\/revisions"}],"predecessor-version":[{"id":741,"href":"https:\/\/statisticalecology.org\/index.php?rest_route=\/wp\/v2\/pages\/60\/revisions\/741"}],"wp:attachment":[{"href":"https:\/\/statisticalecology.org\/index.php?rest_route=%2Fwp%2Fv2%2Fmedia&parent=60"}],"curies":[{"name":"wp","href":"https:\/\/api.w.org\/{rel}","templated":true}]}}